{"id":734,"date":"2013-04-01T15:37:54","date_gmt":"2013-04-01T15:37:54","guid":{"rendered":"http:\/\/www.kriesi.at\/themes\/enfold\/?page_id=734"},"modified":"2018-06-20T04:22:33","modified_gmt":"2018-06-20T04:22:33","slug":"homepage","status":"publish","type":"page","link":"http:\/\/www.raifil.com\/site\/","title":{"rendered":"Homepage"},"content":{"rendered":"<div id='layer_slider_1' class='avia-layerslider main_color avia-shadow  container_wrap sidebar_right'    style='height: 376px;' ><\/div>\n<div class=\"flex_column av_one_full first  \"><div style='padding-bottom:10px;' class='av-special-heading av-special-heading-h2  blockquote modern-quote modern-centered '><h2 class='av-special-heading-tag'  itemprop=\"headline\"  >A Raifil \u00e9 representante exclusivo da Talan para a Peninsula Ib\u00e9rica!<\/h2><div class='special-heading-border'><div class='special-heading-inner-border' ><\/div><\/div><\/div><\/div>\n<div class=\"flex_column av_one_fourth first  \"><div class='avia-image-container avia_animated_image avia_animate_when_almost_visible left-to-right av-styling-  avia-align-center '  itemscope=\"itemscope\" itemtype=\"https:\/\/schema.org\/ImageObject\"  ><div class='avia-image-container-inner'><img class='avia_image ' src='http:\/\/www.raifil.com\/site\/wp-content\/uploads\/2013\/04\/LOGO-TALAN-SEM-FUNDO.png' alt='' title='LOGO TALAN SEM FUNDO'   itemprop=\"contentURL\"  \/><\/div><\/div><\/div>\n<div class=\"flex_column av_one_fourth   \"><div class='avia-image-container avia_animated_image avia_animate_when_almost_visible top-to-bottom av-styling-  avia-align-center '  itemscope=\"itemscope\" itemtype=\"https:\/\/schema.org\/ImageObject\"  ><div class='avia-image-container-inner'><img class='avia_image ' src='http:\/\/www.raifil.com\/site\/wp-content\/uploads\/2013\/04\/DSC2630--300x200.jpg' alt='' title='_DSC2630--'   itemprop=\"contentURL\"  \/><\/div><\/div><\/div><div class=\"flex_column av_one_fourth   \"><div class='avia-image-container avia_animated_image avia_animate_when_almost_visible bottom-to-top av-styling-  avia-align-center '  itemscope=\"itemscope\" itemtype=\"https:\/\/schema.org\/ImageObject\"  ><div class='avia-image-container-inner'><img class='avia_image ' src='http:\/\/www.raifil.com\/site\/wp-content\/uploads\/2013\/04\/wallker_170grey--300x200.jpg' alt='' title='wallker_170grey --'   itemprop=\"contentURL\"  \/><\/div><\/div><\/div><div class=\"flex_column av_one_fourth   \"><div class='avia-image-container avia_animated_image avia_animate_when_almost_visible right-to-left av-styling-  avia-align-center '  itemscope=\"itemscope\" itemtype=\"https:\/\/schema.org\/ImageObject\"  ><div class='avia-image-container-inner'><img class='avia_image ' src='http:\/\/www.raifil.com\/site\/wp-content\/uploads\/2013\/04\/AirLight169bluegrey2--300x200.jpg' alt='' title='AirLight169bluegrey2--'   itemprop=\"contentURL\"  \/><\/div><\/div><\/div><div class=\"flex_column av_one_fourth first  \"><div class='avia-image-container avia_animated_image avia_animate_when_almost_visible left-to-right av-styling-  avia-align-center '  itemscope=\"itemscope\" itemtype=\"https:\/\/schema.org\/ImageObject\"  ><div class='avia-image-container-inner'><img class='avia_image ' src='http:\/\/www.raifil.com\/site\/wp-content\/uploads\/2013\/04\/Talan-Certificados.jpg' alt='' title='Talan Certificados'   itemprop=\"contentURL\"  \/><\/div><\/div><\/div><\/p>\n<div class=\"flex_column av_three_fourth   \"><p><section class=\"av_textblock_section\"  itemscope=\"itemscope\" itemtype=\"https:\/\/schema.org\/CreativeWork\" ><div class='avia_textblock '   itemprop=\"text\" ><p><strong><br \/>\n<\/strong><\/p>\n<p style=\"text-align: center;\"><a href=\"http:\/\/www.raifil.com\/site\/contactos\/\">Contacte-nos para mais informa\u00e7\u00f5es sobre modelos e pre\u00e7os.<\/a><\/p>\n<p>&nbsp;<\/p>\n<\/div><\/section><br \/>\n<div  class='hr hr-short hr-center '><span class='hr-inner ' ><span class='hr-inner-style'><\/span><\/span><\/div><\/p><\/div>\n<div class=\"flex_column av_three_fourth first  \"><p><div style='padding-bottom:10px;' class='av-special-heading av-special-heading-h3    '><h3 class='av-special-heading-tag'  itemprop=\"headline\"  >Not\u00edcias mais recentes<\/h3><div class='special-heading-border'><div class='special-heading-inner-border' ><\/div><\/div><\/div><br \/>\n<div  data-autoplay=''  data-interval='5'  data-animation='fade'  data-show_slide_delay='90'  class='avia-content-slider avia-content-grid-active avia-content-slider1 avia-content-slider-odd '  itemscope=\"itemscope\" itemtype=\"https:\/\/schema.org\/Blog\" ><div class='avia-content-slider-inner'><div class='slide-entry-wrap'><article class='slide-entry flex_column  post-entry post-entry-3897 slide-entry-overview slide-loop-1 slide-parity-odd  av_one_third first real-thumbnail'  itemscope=\"itemscope\" itemtype=\"https:\/\/schema.org\/BlogPosting\" itemprop=\"blogPost\" ><a href='http:\/\/www.raifil.com\/site\/boas-festas-2017\/' data-rel='slide-1' class='slide-image' title=''><img width=\"495\" height=\"400\" src=\"http:\/\/www.raifil.com\/site\/wp-content\/uploads\/2017\/12\/Raifil-Natal-2018-PT-495x400.jpg\" class=\"attachment-portfolio size-portfolio wp-post-image\" alt=\"\" decoding=\"async\" loading=\"lazy\" srcset=\"http:\/\/www.raifil.com\/site\/wp-content\/uploads\/2017\/12\/Raifil-Natal-2018-PT-495x400.jpg 495w, http:\/\/www.raifil.com\/site\/wp-content\/uploads\/2017\/12\/Raifil-Natal-2018-PT-845x684.jpg 845w\" sizes=\"(max-width: 495px) 100vw, 495px\" \/><\/a><div class='slide-content'><header class=\"entry-content-header\"><h3 class='slide-entry-title entry-title'  itemprop=\"headline\" ><a href='http:\/\/www.raifil.com\/site\/boas-festas-2017\/' title='Boas Festas!!!'>Boas Festas!!!<\/a><\/h3><\/header><div class='slide-meta'><time class='slide-meta-time updated'  itemprop=\"datePublished\" datetime=\"2016-09-14T00:01:08+00:00\" >19 Dezembro, 2017<\/time><\/div><div class='slide-entry-excerpt entry-content'  itemprop=\"text\" >A equipa da Raifil deseja a todos os seus cliente e amigos Boas\u2026<\/div><\/div><footer class=\"entry-footer\"><\/footer><\/article><article class='slide-entry flex_column  post-entry post-entry-3882 slide-entry-overview slide-loop-2 slide-parity-even  av_one_third  real-thumbnail'  itemscope=\"itemscope\" itemtype=\"https:\/\/schema.org\/BlogPosting\" itemprop=\"blogPost\" ><a href='http:\/\/www.raifil.com\/site\/a-raifil-deseja-boas-festas\/' data-rel='slide-1' class='slide-image' title=''><img width=\"495\" height=\"400\" src=\"http:\/\/www.raifil.com\/site\/wp-content\/uploads\/2016\/12\/Raifil-Boas-Festas-2016-PT-495x400.jpg\" class=\"attachment-portfolio size-portfolio wp-post-image\" alt=\"\" decoding=\"async\" loading=\"lazy\" srcset=\"http:\/\/www.raifil.com\/site\/wp-content\/uploads\/2016\/12\/Raifil-Boas-Festas-2016-PT-495x400.jpg 495w, http:\/\/www.raifil.com\/site\/wp-content\/uploads\/2016\/12\/Raifil-Boas-Festas-2016-PT-845x684.jpg 845w\" sizes=\"(max-width: 495px) 100vw, 495px\" \/><\/a><div class='slide-content'><header class=\"entry-content-header\"><h3 class='slide-entry-title entry-title'  itemprop=\"headline\" ><a href='http:\/\/www.raifil.com\/site\/a-raifil-deseja-boas-festas\/' title='A Raifil deseja Boas Festas!'>A Raifil deseja Boas Festas!<\/a><\/h3><\/header><div class='slide-meta'><time class='slide-meta-time updated'  itemprop=\"datePublished\" datetime=\"2016-09-14T00:01:08+00:00\" >20 Dezembro, 2016<\/time><\/div><div class='slide-entry-excerpt entry-content'  itemprop=\"text\" >A Raifil deseja Boas Festas e um Excelente Ano de 2017 a todos\u2026<\/div><\/div><footer class=\"entry-footer\"><\/footer><\/article><article class='slide-entry flex_column  post-entry post-entry-3848 slide-entry-overview slide-loop-3 slide-parity-odd  post-entry-last  av_one_third  real-thumbnail'  itemscope=\"itemscope\" itemtype=\"https:\/\/schema.org\/BlogPosting\" itemprop=\"blogPost\" ><a href='http:\/\/www.raifil.com\/site\/raifil-na-emaf-2016-exponor__trashed\/' data-rel='slide-1' class='slide-image' title=''><img width=\"495\" height=\"333\" src=\"http:\/\/www.raifil.com\/site\/wp-content\/uploads\/2016\/09\/Raifil_Emaf_Noticias_PT-495x333.jpg\" class=\"attachment-portfolio size-portfolio wp-post-image\" alt=\"\" decoding=\"async\" loading=\"lazy\" \/><\/a><div class='slide-content'><header class=\"entry-content-header\"><h3 class='slide-entry-title entry-title'  itemprop=\"headline\" ><a href='http:\/\/www.raifil.com\/site\/raifil-na-emaf-2016-exponor__trashed\/' title='Raifil na EMAF 2016'>Raifil na EMAF 2016<\/a><\/h3><\/header><div class='slide-meta'><time class='slide-meta-time updated'  itemprop=\"datePublished\" datetime=\"2016-09-14T00:01:08+00:00\" >14 Setembro, 2016<\/time><\/div><div class='slide-entry-excerpt entry-content'  itemprop=\"text\" >A Raifil convida todos os seus clientes e amigos a visitarem-nos\u2026<\/div><\/div><footer class=\"entry-footer\"><\/footer><\/article><\/div><\/div><\/div><br \/>\n<div  class='hr hr-short hr-center '><span class='hr-inner ' ><span class='hr-inner-style'><\/span><\/span><\/div><\/p><\/div>\n<div class=\"flex_column av_one_fourth   \"><p><div style='padding-bottom:10px;' class='av-special-heading av-special-heading-h3    '><h3 class='av-special-heading-tag'  itemprop=\"headline\"  >Newsletter Raifil<\/h3><div class='special-heading-border'><div class='special-heading-inner-border' ><\/div><\/div><\/div><br \/>\n<section class=\"av_textblock_section\"  itemscope=\"itemscope\" itemtype=\"https:\/\/schema.org\/BlogPosting\" itemprop=\"blogPost\" ><div class='avia_textblock '   itemprop=\"text\" ><p>Subscreva a newsletter da Raifil e fique a par de todas as novidades e promo\u00e7\u00f5es!<\/p>\n<div role=\"form\" class=\"wpcf7\" id=\"wpcf7-f3228-o1\" lang=\"pt-PT\" dir=\"ltr\">\n<div class=\"screen-reader-response\"><\/div>\n<form action=\"\/site\/wp-json\/wp\/v2\/pages\/734#wpcf7-f3228-o1\" method=\"post\" class=\"wpcf7-form\" novalidate=\"novalidate\">\n<div style=\"display: none;\">\n<input type=\"hidden\" name=\"_wpcf7\" value=\"3228\" \/>\n<input type=\"hidden\" name=\"_wpcf7_version\" value=\"4.4\" \/>\n<input type=\"hidden\" name=\"_wpcf7_locale\" value=\"pt_PT\" \/>\n<input type=\"hidden\" name=\"_wpcf7_unit_tag\" value=\"wpcf7-f3228-o1\" \/>\n<input type=\"hidden\" name=\"_wpnonce\" value=\"d4629a396d\" \/>\n<\/div>\n<p>Nome*: <span class=\"wpcf7-form-control-wrap nome\"><input type=\"text\" name=\"nome\" value=\"\" size=\"40\" class=\"wpcf7-form-control wpcf7-text wpcf7-validates-as-required\" aria-required=\"true\" aria-invalid=\"false\" \/><\/span> <\/p>\n<p>E-mail*: <span class=\"wpcf7-form-control-wrap email\"><input type=\"email\" name=\"email\" value=\"\" size=\"40\" class=\"wpcf7-form-control wpcf7-text wpcf7-email wpcf7-validates-as-required wpcf7-validates-as-email\" aria-required=\"true\" aria-invalid=\"false\" \/><\/span> <\/p>\n<p><input type=\"submit\" value=\"Subscrever\" class=\"wpcf7-form-control wpcf7-submit\" \/><\/p>\n<div class=\"wpcf7-response-output wpcf7-display-none\"><\/div><\/form><\/div>\n<\/div><\/section><\/p><\/div>\n","protected":false},"excerpt":{"rendered":"<p>This is a Page excerpt. It will be displayed for search results<\/p>\n","protected":false},"author":2,"featured_media":0,"parent":0,"menu_order":0,"comment_status":"open","ping_status":"open","template":"","meta":[],"_links":{"self":[{"href":"http:\/\/www.raifil.com\/site\/wp-json\/wp\/v2\/pages\/734"}],"collection":[{"href":"http:\/\/www.raifil.com\/site\/wp-json\/wp\/v2\/pages"}],"about":[{"href":"http:\/\/www.raifil.com\/site\/wp-json\/wp\/v2\/types\/page"}],"author":[{"embeddable":true,"href":"http:\/\/www.raifil.com\/site\/wp-json\/wp\/v2\/users\/2"}],"replies":[{"embeddable":true,"href":"http:\/\/www.raifil.com\/site\/wp-json\/wp\/v2\/comments?post=734"}],"version-history":[{"count":36,"href":"http:\/\/www.raifil.com\/site\/wp-json\/wp\/v2\/pages\/734\/revisions"}],"predecessor-version":[{"id":3950,"href":"http:\/\/www.raifil.com\/site\/wp-json\/wp\/v2\/pages\/734\/revisions\/3950"}],"wp:attachment":[{"href":"http:\/\/www.raifil.com\/site\/wp-json\/wp\/v2\/media?parent=734"}],"curies":[{"name":"wp","href":"https:\/\/api.w.org\/{rel}","templated":true}]}}