{"id":2937,"date":"2014-04-30T06:12:26","date_gmt":"2014-04-30T06:12:26","guid":{"rendered":"http:\/\/www.raifil.com\/site\/?page_id=2937"},"modified":"2014-04-30T06:13:19","modified_gmt":"2014-04-30T06:13:19","slug":"orcamentos","status":"publish","type":"page","link":"http:\/\/www.raifil.com\/site\/orcamentos\/","title":{"rendered":"Or\u00e7amentos"},"content":{"rendered":"<section class=\"av_textblock_section\"  itemscope=\"itemscope\" itemtype=\"https:\/\/schema.org\/CreativeWork\" ><div class='avia_textblock '   itemprop=\"text\" ><h2 style=\"text-align: center;\">Pedidos de Or\u00e7amento<\/h2>\n<p style=\"text-align: center;\">Preencha o formul\u00e1rio e envie-nos o seu pedido de or\u00e7amento.<\/p>\n<\/div><\/section>\n<div  class='hr hr-short hr-center '><span class='hr-inner ' ><span class='hr-inner-style'><\/span><\/span><\/div>\n<section class=\"av_textblock_section\"  itemscope=\"itemscope\" itemtype=\"https:\/\/schema.org\/CreativeWork\" ><div class='avia_textblock '   itemprop=\"text\" ><div role=\"form\" class=\"wpcf7\" id=\"wpcf7-f2938-o1\" lang=\"pt-PT\" dir=\"ltr\">\n<div class=\"screen-reader-response\"><\/div>\n<form action=\"\/site\/wp-json\/wp\/v2\/pages\/2937#wpcf7-f2938-o1\" method=\"post\" class=\"wpcf7-form\" novalidate=\"novalidate\">\n<div style=\"display: none;\">\n<input type=\"hidden\" name=\"_wpcf7\" value=\"2938\" \/>\n<input type=\"hidden\" name=\"_wpcf7_version\" value=\"4.4\" \/>\n<input type=\"hidden\" name=\"_wpcf7_locale\" value=\"pt_PT\" \/>\n<input type=\"hidden\" name=\"_wpcf7_unit_tag\" value=\"wpcf7-f2938-o1\" \/>\n<input type=\"hidden\" name=\"_wpnonce\" value=\"9d002c5702\" \/>\n<\/div>\n<p><strong>Identifica\u00e7\u00e3o do Cliente<\/strong><\/p>\n<p>Nome: *<br \/>\n    <span class=\"wpcf7-form-control-wrap nome\"><input type=\"text\" name=\"nome\" value=\"\" size=\"40\" class=\"wpcf7-form-control wpcf7-text wpcf7-validates-as-required\" aria-required=\"true\" aria-invalid=\"false\" \/><\/span> <\/p>\n<p>E-mail: *<br \/>\n    <span class=\"wpcf7-form-control-wrap email\"><input type=\"email\" name=\"email\" value=\"\" size=\"40\" class=\"wpcf7-form-control wpcf7-text wpcf7-email wpcf7-validates-as-required wpcf7-validates-as-email\" aria-required=\"true\" aria-invalid=\"false\" \/><\/span> <\/p>\n<p>Telefone: *<br \/>\n    <span class=\"wpcf7-form-control-wrap telefone\"><input type=\"text\" name=\"telefone\" value=\"\" size=\"40\" class=\"wpcf7-form-control wpcf7-text wpcf7-validates-as-required\" aria-required=\"true\" aria-invalid=\"false\" \/><\/span> <\/p>\n<p>Fax: <br \/>\n    <span class=\"wpcf7-form-control-wrap fax\"><input type=\"text\" name=\"fax\" value=\"\" size=\"40\" class=\"wpcf7-form-control wpcf7-text\" aria-invalid=\"false\" \/><\/span> <\/p>\n<p>Empresa: *<br \/>\n    <span class=\"wpcf7-form-control-wrap empresa\"><input type=\"text\" name=\"empresa\" value=\"\" size=\"40\" class=\"wpcf7-form-control wpcf7-text wpcf7-validates-as-required\" aria-required=\"true\" aria-invalid=\"false\" \/><\/span> <\/p>\n<p>NIF: *<br \/>\n    <span class=\"wpcf7-form-control-wrap nif\"><input type=\"text\" name=\"nif\" value=\"\" size=\"40\" class=\"wpcf7-form-control wpcf7-text wpcf7-validates-as-required\" aria-required=\"true\" aria-invalid=\"false\" \/><\/span> <\/p>\n<p>Morada: *<br \/>\n    <span class=\"wpcf7-form-control-wrap morada\"><textarea name=\"morada\" cols=\"40\" rows=\"10\" class=\"wpcf7-form-control wpcf7-textarea wpcf7-validates-as-required\" aria-required=\"true\" aria-invalid=\"false\"><\/textarea><\/span> <\/p>\n<p>Contribuinte: *<br \/>\n    <span class=\"wpcf7-form-control-wrap contribuinte\"><input type=\"text\" name=\"contribuinte\" value=\"\" size=\"40\" class=\"wpcf7-form-control wpcf7-text wpcf7-validates-as-required\" aria-required=\"true\" aria-invalid=\"false\" \/><\/span> <\/p>\n<p><strong>Produtos a or\u00e7amentar<\/strong><\/p>\n<p>Indique o nome e o respectivo c\u00f3digo (ver cat\u00e1logo): *<br \/>\n    <span class=\"wpcf7-form-control-wrap produtos-a-orcamentar\"><textarea name=\"produtos-a-orcamentar\" cols=\"40\" rows=\"10\" class=\"wpcf7-form-control wpcf7-textarea wpcf7-validates-as-required\" aria-required=\"true\" aria-invalid=\"false\"><\/textarea><\/span> <\/p>\n<p>Observa\u00e7\u00f5es<br \/>\n    <span class=\"wpcf7-form-control-wrap observacoes\"><textarea name=\"observacoes\" cols=\"40\" rows=\"10\" class=\"wpcf7-form-control wpcf7-textarea\" aria-invalid=\"false\"><\/textarea><\/span><\/p>\n<p>Introduza o c\u00f3digo de verifica\u00e7\u00e3o:<br \/>\n<input type=\"hidden\" name=\"_wpcf7_captcha_challenge_captcha\" value=\"2150992591\" \/><img class=\"wpcf7-form-control wpcf7-captchac wpcf7-captcha-captcha\" width=\"72\" height=\"24\" alt=\"captcha\" src=\"http:\/\/www.raifil.com\/site\/wp-content\/uploads\/wpcf7_captcha\/2150992591.png\" \/> <span class=\"wpcf7-form-control-wrap captcha\"><input type=\"text\" name=\"captcha\" value=\"\" size=\"40\" class=\"wpcf7-form-control wpcf7-captchar\" aria-invalid=\"false\" \/><\/span><\/p>\n<p><input type=\"submit\" value=\"Enviar\" class=\"wpcf7-form-control wpcf7-submit\" \/><\/p>\n<div class=\"wpcf7-response-output wpcf7-display-none\"><\/div><\/form><\/div>\n<\/div><\/section>\n","protected":false},"excerpt":{"rendered":"","protected":false},"author":2,"featured_media":0,"parent":0,"menu_order":0,"comment_status":"open","ping_status":"open","template":"","meta":[],"_links":{"self":[{"href":"http:\/\/www.raifil.com\/site\/wp-json\/wp\/v2\/pages\/2937"}],"collection":[{"href":"http:\/\/www.raifil.com\/site\/wp-json\/wp\/v2\/pages"}],"about":[{"href":"http:\/\/www.raifil.com\/site\/wp-json\/wp\/v2\/types\/page"}],"author":[{"embeddable":true,"href":"http:\/\/www.raifil.com\/site\/wp-json\/wp\/v2\/users\/2"}],"replies":[{"embeddable":true,"href":"http:\/\/www.raifil.com\/site\/wp-json\/wp\/v2\/comments?post=2937"}],"version-history":[{"count":1,"href":"http:\/\/www.raifil.com\/site\/wp-json\/wp\/v2\/pages\/2937\/revisions"}],"predecessor-version":[{"id":2939,"href":"http:\/\/www.raifil.com\/site\/wp-json\/wp\/v2\/pages\/2937\/revisions\/2939"}],"wp:attachment":[{"href":"http:\/\/www.raifil.com\/site\/wp-json\/wp\/v2\/media?parent=2937"}],"curies":[{"name":"wp","href":"https:\/\/api.w.org\/{rel}","templated":true}]}}