{"id":1195,"date":"2013-04-05T16:38:18","date_gmt":"2013-04-05T16:38:18","guid":{"rendered":"http:\/\/www.kriesi.at\/themes\/enfold\/?page_id=1195"},"modified":"2025-02-20T23:22:14","modified_gmt":"2025-02-20T23:22:14","slug":"a-raifil","status":"publish","type":"page","link":"http:\/\/www.raifil.com\/site\/a-raifil\/","title":{"rendered":"A Raifil"},"content":{"rendered":"<div style='padding-bottom:10px;' class='av-special-heading av-special-heading-h3 meta-heading   '><h3 class='av-special-heading-tag'  itemprop=\"headline\"  >RAIFIL &#8211; Rodrigo Raimundo e Filhos, Lda.<\/h3><div class='special-heading-border'><div class='special-heading-inner-border' ><\/div><\/div><\/div>\n<div class=\"flex_column av_two_third first  \"><p><section class=\"av_textblock_section\"  itemscope=\"itemscope\" itemtype=\"https:\/\/schema.org\/CreativeWork\" ><div class='avia_textblock '   itemprop=\"text\" ><p>Fundada em 1957, por Ant\u00f3nio Fernando da Silva Raimundo, sofreu em 1981, uma altera\u00e7\u00e3o de denomina\u00e7\u00e3o para Raifil, cedendo a filhos e netos a heran\u00e7a da tradi\u00e7\u00e3o e confian\u00e7a, conquistada ao longo do tempo.<br \/>\nA Raifil \u00e9 uma empresa que tem feito ao longo destes anos uma evolu\u00e7\u00e3o, em que defende a qualidade do servi\u00e7o, aliada \u00e0 resposta imediata aos seus colaboradores empresariais.<\/p>\n<h4><\/h4>\n<\/div><\/section><br \/>\n<section class=\"av_textblock_section\"  itemscope=\"itemscope\" itemtype=\"https:\/\/schema.org\/CreativeWork\" ><div class='avia_textblock '   itemprop=\"text\" ><p>Com uma \u00e1rea coberta de 1500 m2, a nossa empresa possui um extenso armaz\u00e9m que corresponde \u00e1s normas exigidas pelo departamento de conserva\u00e7\u00e3o, de modo a garantir a qualidade inalter\u00e1vel dos nossos produtos, preenchendo desta forma os requisitos exigidos pelos nossos clientes.<\/p>\n<p>A \u00e1rea de neg\u00f3cios da Raifil, \u00e9 a distribui\u00e7\u00e3o de produtos destinados ao com\u00e9rcio retalhista, mais nomeadamente a drogarias e lojas de ferragens, tendo de suporte uma vasta infinidade de produtos, que v\u00e3o desde aplica\u00e7\u00f5es qu\u00edmicas at\u00e9 materiais de protec\u00e7\u00e3o.<\/p>\n<p>Somos actualmente uma Empresa de sucesso, sustentada por uma pol\u00edtica de cont\u00ednuo reinvestimento.<\/p>\n<\/div><\/section><\/p><\/div>\n<div class=\"flex_column av_one_third   \"><div class='avia-image-container avia_animated_image avia_animate_when_almost_visible right-to-left av-styling-  avia-align-center '  itemscope=\"itemscope\" itemtype=\"https:\/\/schema.org\/ImageObject\"  ><div class='avia-image-container-inner'><img class='avia_image ' src='http:\/\/www.raifil.com\/site\/wp-content\/uploads\/2013\/04\/Raifil-PME-Lider-2010-2023-1030x731.png' alt='' title='Raifil PME Lider 2010-2023'   itemprop=\"contentURL\"  \/><\/div><\/div><\/div><div class=\"flex_column av_three_fifth first  \"><div  data-size='no scaling'  data-lightbox_size='large'  data-animation='fade'  data-ids='2886,2887,2888,2889,2890'  data-video_counter='0'  data-autoplay='true'  data-bg_slider='false'  data-slide_height=''  data-handle='av_slideshow'  data-interval='4'  data-class=''  data-css_id=''  data-scroll_down=''  data-control_layout=''  data-custom_markup=''  data-perma_caption=''  data-autoplay_stopper=''  class='avia-slideshow avia-slideshow-1  avia-slideshow-no scaling av_slideshow  avia-fade-slider '  itemscope=\"itemscope\" itemtype=\"https:\/\/schema.org\/ImageObject\" ><ul class='avia-slideshow-inner' ><li  class=' slide-1 ' ><div data-rel='slideshow-1' class='avia-slide-wrap'  ><img src='http:\/\/www.raifil.com\/site\/wp-content\/uploads\/2013\/04\/01.jpg' width='720' height='480' title='01' alt=''  itemprop=\"contentURL\"  \/><\/div><\/li><li  class=' slide-2 ' ><div data-rel='slideshow-1' class='avia-slide-wrap'  ><img src='http:\/\/www.raifil.com\/site\/wp-content\/uploads\/2013\/04\/02.jpg' width='720' height='480' title='02' alt=''  itemprop=\"contentURL\"  \/><\/div><\/li><li  class=' slide-3 ' ><div data-rel='slideshow-1' class='avia-slide-wrap'  ><img src='http:\/\/www.raifil.com\/site\/wp-content\/uploads\/2013\/04\/03.jpg' width='720' height='480' title='03' alt=''  itemprop=\"contentURL\"  \/><\/div><\/li><li  class=' slide-4 ' ><div data-rel='slideshow-1' class='avia-slide-wrap'  ><img src='http:\/\/www.raifil.com\/site\/wp-content\/uploads\/2013\/04\/04.jpg' width='720' height='480' title='04' alt=''  itemprop=\"contentURL\"  \/><\/div><\/li><li  class=' slide-5 ' ><div data-rel='slideshow-1' class='avia-slide-wrap'  ><img src='http:\/\/www.raifil.com\/site\/wp-content\/uploads\/2013\/04\/05.jpg' width='720' height='480' title='05' alt=''  itemprop=\"contentURL\"  \/><\/div><\/li><\/ul><div class='avia-slideshow-arrows avia-slideshow-controls'><a href='#prev' class='prev-slide' aria-hidden='true' data-av_icon='\ue87c' data-av_iconfont='entypo-fontello'>Previous<\/a><a href='#next' class='next-slide' aria-hidden='true' data-av_icon='\ue87d' data-av_iconfont='entypo-fontello'>Next<\/a><\/div><div class='avia-slideshow-dots avia-slideshow-controls'><a href='#1' class='goto-slide active' >1<\/a><a href='#2' class='goto-slide ' >2<\/a><a href='#3' class='goto-slide ' >3<\/a><a href='#4' class='goto-slide ' >4<\/a><a href='#5' class='goto-slide ' >5<\/a><\/div><\/div><\/div><\/p>\n<div class=\"flex_column av_one_fifth   \"><\/div>\n","protected":false},"excerpt":{"rendered":"","protected":false},"author":2,"featured_media":0,"parent":0,"menu_order":0,"comment_status":"open","ping_status":"open","template":"","meta":[],"_links":{"self":[{"href":"http:\/\/www.raifil.com\/site\/wp-json\/wp\/v2\/pages\/1195"}],"collection":[{"href":"http:\/\/www.raifil.com\/site\/wp-json\/wp\/v2\/pages"}],"about":[{"href":"http:\/\/www.raifil.com\/site\/wp-json\/wp\/v2\/types\/page"}],"author":[{"embeddable":true,"href":"http:\/\/www.raifil.com\/site\/wp-json\/wp\/v2\/users\/2"}],"replies":[{"embeddable":true,"href":"http:\/\/www.raifil.com\/site\/wp-json\/wp\/v2\/comments?post=1195"}],"version-history":[{"count":28,"href":"http:\/\/www.raifil.com\/site\/wp-json\/wp\/v2\/pages\/1195\/revisions"}],"predecessor-version":[{"id":4138,"href":"http:\/\/www.raifil.com\/site\/wp-json\/wp\/v2\/pages\/1195\/revisions\/4138"}],"wp:attachment":[{"href":"http:\/\/www.raifil.com\/site\/wp-json\/wp\/v2\/media?parent=1195"}],"curies":[{"name":"wp","href":"https:\/\/api.w.org\/{rel}","templated":true}]}}